{"id":9985,"date":"2021-05-20T11:40:48","date_gmt":"2021-05-20T09:40:48","guid":{"rendered":"https:\/\/www.onlinebezorgservice.nl\/veel-gestelde-vragen\/"},"modified":"2023-08-01T11:19:28","modified_gmt":"2023-08-01T09:19:28","slug":"questions-frequentes","status":"publish","type":"page","link":"https:\/\/old.onlinebezorgservice.nl\/fr\/questions-frequentes\/","title":{"rendered":"Questions fr\u00e9quentes"},"content":{"rendered":"<div id='av_section_1'  class='avia-section av-r2dnx2-df490faad7656484194980ff867a19be main_color avia-section-default avia-no-border-styling  avia-builder-el-0  avia-builder-el-no-sibling  avia-bg-style-scroll container_wrap fullsize'  ><div class='container av-section-cont-open' ><main  role=\"main\" itemprop=\"mainContentOfPage\"  class='template-page content  av-content-full alpha units'><div class='post-entry post-entry-type-page post-entry-9985'><div class='entry-content-wrapper clearfix'>\n\n<style type=\"text\/css\" data-created_by=\"avia_inline_auto\" id=\"style-css-av-2miupi-c1f8952076e82d8e45950a3f1a47ad42\">\n.flex_column.av-2miupi-c1f8952076e82d8e45950a3f1a47ad42{\nborder-radius:0px 0px 0px 0px;\npadding:0px 0px 0px 0px;\n}\n<\/style>\n<div  class='flex_column av-2miupi-c1f8952076e82d8e45950a3f1a47ad42 av_one_full  avia-builder-el-1  el_before_av_one_full  avia-builder-el-first  first flex_column_div av-zero-column-padding  '     ><style type=\"text\/css\" data-created_by=\"avia_inline_auto\" id=\"style-css-av-kowpdsje-564eccdb53d062e8d2a9f9ba59f4518b\">\n#top .av-special-heading.av-kowpdsje-564eccdb53d062e8d2a9f9ba59f4518b{\npadding-bottom:10px;\n}\nbody .av-special-heading.av-kowpdsje-564eccdb53d062e8d2a9f9ba59f4518b .av-special-heading-tag .heading-char{\nfont-size:25px;\n}\n.av-special-heading.av-kowpdsje-564eccdb53d062e8d2a9f9ba59f4518b .av-subheading{\nfont-size:15px;\n}\n<\/style>\n<div  class='av-special-heading av-kowpdsje-564eccdb53d062e8d2a9f9ba59f4518b av-special-heading-h1 blockquote modern-quote  avia-builder-el-2  avia-builder-el-no-sibling '><h1 class='av-special-heading-tag '  itemprop=\"headline\"  >Questions fr\u00e9quentes<\/h1><div class=\"special-heading-border\"><div class=\"special-heading-inner-border\"><\/div><\/div><\/div><\/div>\n<style type=\"text\/css\" data-created_by=\"avia_inline_auto\" id=\"style-css-av-nr6gw6-20f87eafba5df3f7290ac699597ce9f0\">\n.flex_column.av-nr6gw6-20f87eafba5df3f7290ac699597ce9f0{\nborder-radius:0px 0px 0px 0px;\npadding:0px 0px 0px 0px;\n}\n<\/style>\n<div  class='flex_column av-nr6gw6-20f87eafba5df3f7290ac699597ce9f0 av_one_full  avia-builder-el-3  el_after_av_one_full  el_before_av_one_full  first flex_column_div av-zero-column-padding  column-top-margin'     ><p>\n<style type=\"text\/css\" data-created_by=\"avia_inline_auto\" id=\"style-css-av-kowpd2ua-51f81f5b417fb33b7de229b39bb8b08e\">\n#top .av-special-heading.av-kowpd2ua-51f81f5b417fb33b7de229b39bb8b08e{\npadding-bottom:10px;\n}\nbody .av-special-heading.av-kowpd2ua-51f81f5b417fb33b7de229b39bb8b08e .av-special-heading-tag .heading-char{\nfont-size:25px;\n}\n.av-special-heading.av-kowpd2ua-51f81f5b417fb33b7de229b39bb8b08e .av-subheading{\nfont-size:15px;\n}\n<\/style>\n<div  class='av-special-heading av-kowpd2ua-51f81f5b417fb33b7de229b39bb8b08e av-special-heading-h2 blockquote modern-quote  avia-builder-el-4  el_before_av_toggle_container  avia-builder-el-first '><h2 class='av-special-heading-tag '  itemprop=\"headline\"  >Questions g\u00e9n\u00e9rales<\/h2><div class=\"special-heading-border\"><div class=\"special-heading-inner-border\"><\/div><\/div><\/div><br \/>\n<div  class='togglecontainer av-mzet8m-08a2c05b8f1b8639c460513369513a4c  avia-builder-el-5  el_after_av_heading  avia-builder-el-last  toggle_close_all' >\n<section class='av_toggle_section av-lks2hmm5-e0ed6eac54cf3ad66865f61c2062192b'  itemscope=\"itemscope\" itemtype=\"https:\/\/schema.org\/CreativeWork\" ><div role=\"tablist\" class=\"single_toggle\" data-tags=\"{Tout} \"  ><p id='toggle-toggle-id-1' data-fake-id='#toggle-id-1' class='toggler  av-title-above '  itemprop=\"headline\"  role='tab' tabindex='0' aria-controls='toggle-id-1' data-slide-speed=\"200\" data-title=\"Quelles sont les \u00e9tapes pour un devis personnalis\u00e9 ?\" data-title-open=\"\" data-aria_collapsed=\"Cliquez pour \u00e9tendre : Quelles sont les \u00e9tapes pour un devis personnalis\u00e9 ?\" data-aria_expanded=\"Cliquez pour r\u00e9duire : Quelles sont les \u00e9tapes pour un devis personnalis\u00e9 ?\">Quelles sont les \u00e9tapes pour un devis personnalis\u00e9 ?<span class=\"toggle_icon\"><span class=\"vert_icon\"><\/span><span class=\"hor_icon\"><\/span><\/span><\/p><div id='toggle-id-1' aria-labelledby='toggle-toggle-id-1' role='region' class='toggle_wrap  av-title-above'  ><div class='toggle_content invers-color '  itemprop=\"text\" ><p>Avec un devis personnalis\u00e9, l&rsquo;un de nos employ\u00e9s examinera les marchandises et d\u00e9terminera un prix pour les marchandises \u00e0 livrer sur cette base.<\/p>\n<p>Vous recevrez alors un devis de notre part dans les plus brefs d\u00e9lais.<\/p>\n<\/div><\/div><\/div><\/section>\n<section class='av_toggle_section av-lks2iert-6e8343fde3547931a81f6ef70e2d8b44'  itemscope=\"itemscope\" itemtype=\"https:\/\/schema.org\/CreativeWork\" ><div role=\"tablist\" class=\"single_toggle\" data-tags=\"{Tout} \"  ><p id='toggle-toggle-id-2' data-fake-id='#toggle-id-2' class='toggler  av-title-above '  itemprop=\"headline\"  role='tab' tabindex='0' aria-controls='toggle-id-2' data-slide-speed=\"200\" data-title=\"Mes marchandises sont-elles assur\u00e9es pendant le transport ?\" data-title-open=\"\" data-aria_collapsed=\"Cliquez pour \u00e9tendre : Mes marchandises sont-elles assur\u00e9es pendant le transport ?\" data-aria_expanded=\"Cliquez pour r\u00e9duire : Mes marchandises sont-elles assur\u00e9es pendant le transport ?\">Mes marchandises sont-elles assur\u00e9es pendant le transport ?<span class=\"toggle_icon\"><span class=\"vert_icon\"><\/span><span class=\"hor_icon\"><\/span><\/span><\/p><div id='toggle-id-2' aria-labelledby='toggle-toggle-id-2' role='region' class='toggle_wrap  av-title-above'  ><div class='toggle_content invers-color '  itemprop=\"text\" ><p>Nous n&rsquo;avons pas d&rsquo;assurance s\u00e9par\u00e9e sur les marchandises pendant le transport. Vous pouvez le faire vous-m\u00eame aupr\u00e8s de votre propre assureur.<\/p>\n<\/div><\/div><\/div><\/section>\n<\/div><\/p><\/div>\n<style type=\"text\/css\" data-created_by=\"avia_inline_auto\" id=\"style-css-av-h5mat2-56bc6737c0b927e589908108106bcc71\">\n.flex_column.av-h5mat2-56bc6737c0b927e589908108106bcc71{\nborder-radius:0px 0px 0px 0px;\npadding:0px 0px 0px 0px;\n}\n<\/style>\n<div  class='flex_column av-h5mat2-56bc6737c0b927e589908108106bcc71 av_one_full  avia-builder-el-6  el_after_av_one_full  el_before_av_one_full  first flex_column_div av-zero-column-padding  column-top-margin'     ><p>\n<style type=\"text\/css\" data-created_by=\"avia_inline_auto\" id=\"style-css-av-f7y5li-9a74648a9a3286c1e157846e1b25bea6\">\n#top .av-special-heading.av-f7y5li-9a74648a9a3286c1e157846e1b25bea6{\npadding-bottom:10px;\n}\nbody .av-special-heading.av-f7y5li-9a74648a9a3286c1e157846e1b25bea6 .av-special-heading-tag .heading-char{\nfont-size:25px;\n}\n.av-special-heading.av-f7y5li-9a74648a9a3286c1e157846e1b25bea6 .av-subheading{\nfont-size:15px;\n}\n<\/style>\n<div  class='av-special-heading av-f7y5li-9a74648a9a3286c1e157846e1b25bea6 av-special-heading-h2 blockquote modern-quote  avia-builder-el-7  el_before_av_toggle_container  avia-builder-el-first '><h2 class='av-special-heading-tag '  itemprop=\"headline\"  >Paiement<\/h2><div class=\"special-heading-border\"><div class=\"special-heading-inner-border\"><\/div><\/div><\/div><br \/>\n<div  class='togglecontainer av-eemzhi-995f9394f101a51d63e958f7a1e820bb  avia-builder-el-8  el_after_av_heading  avia-builder-el-last  toggle_close_all' >\n<section class='av_toggle_section av-lks3371z-74ded4c11719873f09705267715bf5af'  itemscope=\"itemscope\" itemtype=\"https:\/\/schema.org\/CreativeWork\" ><div role=\"tablist\" class=\"single_toggle\" data-tags=\"{Tout} \"  ><p id='toggle-toggle-id-3' data-fake-id='#toggle-id-3' class='toggler  av-title-above '  itemprop=\"headline\"  role='tab' tabindex='0' aria-controls='toggle-id-3' data-slide-speed=\"200\" data-title=\"Comment se passe le paiement ?\" data-title-open=\"\" data-aria_collapsed=\"Cliquez pour \u00e9tendre : Comment se passe le paiement ?\" data-aria_expanded=\"Cliquez pour r\u00e9duire : Comment se passe le paiement ?\">Comment se passe le paiement ?<span class=\"toggle_icon\"><span class=\"vert_icon\"><\/span><span class=\"hor_icon\"><\/span><\/span><\/p><div id='toggle-id-3' aria-labelledby='toggle-toggle-id-3' role='region' class='toggle_wrap  av-title-above'  ><div class='toggle_content invers-color '  itemprop=\"text\" ><p>Si vous \u00eates d&rsquo;accord, nous planifierons la mission. En m\u00eame temps, une facture sera \u00e9tablie et elle vous parviendra avec un lien pour pouvoir payer imm\u00e9diatement. Les marchandises seront toujours ramass\u00e9es. Une fois le paiement effectu\u00e9, nous livrerons la marchandise.<\/p>\n<\/div><\/div><\/div><\/section>\n<section class='av_toggle_section av-lks340cz-c3d53cbc2d50012352330f0bdce5e402'  itemscope=\"itemscope\" itemtype=\"https:\/\/schema.org\/CreativeWork\" ><div role=\"tablist\" class=\"single_toggle\" data-tags=\"{Tout} \"  ><p id='toggle-toggle-id-4' data-fake-id='#toggle-id-4' class='toggler  av-title-above '  itemprop=\"headline\"  role='tab' tabindex='0' aria-controls='toggle-id-4' data-slide-speed=\"200\" data-title=\"O\u00f9 puis-je trouver mes factures ?\" data-title-open=\"\" data-aria_collapsed=\"Cliquez pour \u00e9tendre : O\u00f9 puis-je trouver mes factures ?\" data-aria_expanded=\"Cliquez pour r\u00e9duire : O\u00f9 puis-je trouver mes factures ?\">O\u00f9 puis-je trouver mes factures ?<span class=\"toggle_icon\"><span class=\"vert_icon\"><\/span><span class=\"hor_icon\"><\/span><\/span><\/p><div id='toggle-id-4' aria-labelledby='toggle-toggle-id-4' role='region' class='toggle_wrap  av-title-above'  ><div class='toggle_content invers-color '  itemprop=\"text\" ><p>Les factures de toutes vos livraisons par le Service de livraison en ligne sont dans Mon compte.<\/p>\n<p>De plus, vous le recevrez \u00e9galement par e-mail.<\/p>\n<\/div><\/div><\/div><\/section>\n<\/div><\/p><\/div>\n<style type=\"text\/css\" data-created_by=\"avia_inline_auto\" id=\"style-css-av-vzwra-9453d783be06ba1c0b308526f91b31a6\">\n.flex_column.av-vzwra-9453d783be06ba1c0b308526f91b31a6{\nborder-radius:0px 0px 0px 0px;\npadding:0px 0px 0px 0px;\n}\n<\/style>\n<div  class='flex_column av-vzwra-9453d783be06ba1c0b308526f91b31a6 av_one_full  avia-builder-el-9  el_after_av_one_full  avia-builder-el-last  first flex_column_div av-zero-column-padding  column-top-margin'     ><p>\n<style type=\"text\/css\" data-created_by=\"avia_inline_auto\" id=\"style-css-av-72tdwm-7cbb592093be58ccdfc3b29e25ed1d2d\">\n#top .av-special-heading.av-72tdwm-7cbb592093be58ccdfc3b29e25ed1d2d{\npadding-bottom:10px;\n}\nbody .av-special-heading.av-72tdwm-7cbb592093be58ccdfc3b29e25ed1d2d .av-special-heading-tag .heading-char{\nfont-size:25px;\n}\n.av-special-heading.av-72tdwm-7cbb592093be58ccdfc3b29e25ed1d2d .av-subheading{\nfont-size:15px;\n}\n<\/style>\n<div  class='av-special-heading av-72tdwm-7cbb592093be58ccdfc3b29e25ed1d2d av-special-heading-h2 blockquote modern-quote  avia-builder-el-10  el_before_av_toggle_container  avia-builder-el-first '><h2 class='av-special-heading-tag '  itemprop=\"headline\"  >Livraison<\/h2><div class=\"special-heading-border\"><div class=\"special-heading-inner-border\"><\/div><\/div><\/div><br \/>\n<div  class='togglecontainer av-64jw1i-9a58f5009a6a74748216a922e2b143c0  avia-builder-el-11  el_after_av_heading  avia-builder-el-last  toggle_close_all' >\n<section class='av_toggle_section av-lks36ljn-4a08976cc61131bfdbfcc5d8ab52a82d'  itemscope=\"itemscope\" itemtype=\"https:\/\/schema.org\/CreativeWork\" ><div role=\"tablist\" class=\"single_toggle\" data-tags=\"{Tout} \"  ><p id='toggle-toggle-id-5' data-fake-id='#toggle-id-5' class='toggler  av-title-above '  itemprop=\"headline\"  role='tab' tabindex='0' aria-controls='toggle-id-5' data-slide-speed=\"200\" data-title=\"Comment savoir quand les marchandises seront livr\u00e9es ?\" data-title-open=\"\" data-aria_collapsed=\"Cliquez pour \u00e9tendre : Comment savoir quand les marchandises seront livr\u00e9es ?\" data-aria_expanded=\"Cliquez pour r\u00e9duire : Comment savoir quand les marchandises seront livr\u00e9es ?\">Comment savoir quand les marchandises seront livr\u00e9es ?<span class=\"toggle_icon\"><span class=\"vert_icon\"><\/span><span class=\"hor_icon\"><\/span><\/span><\/p><div id='toggle-id-5' aria-labelledby='toggle-toggle-id-5' role='region' class='toggle_wrap  av-title-above'  ><div class='toggle_content invers-color '  itemprop=\"text\" ><p>Nous collectons les marchandises apr\u00e8s approbation. Celui-ci sera v\u00e9rifi\u00e9 dans notre entrep\u00f4t pour d\u00e9tecter les dommages et\/ou les d\u00e9fauts. Nous vous enverrons alors un e-mail avec la demande de vous livrer la marchandise. Vous pouvez choisir vous-m\u00eame un jour de livraison et un jour ouvrable avant la livraison, vous recevrez de notre part une indication de l&rsquo;heure \u00e0 laquelle nous serons avec vous.<\/p>\n<p>Si vous avez achet\u00e9 des marchandises volumineuses, nous vous appellerons pour convenir avec vous d&rsquo;une date de livraison de la marchandise.<\/p>\n<\/div><\/div><\/div><\/section>\n<section class='av_toggle_section av-lks37c7l-f7722a4a2010d21a53ae851c1abb8bbb'  itemscope=\"itemscope\" itemtype=\"https:\/\/schema.org\/CreativeWork\" ><div role=\"tablist\" class=\"single_toggle\" data-tags=\"{Tout} \"  ><p id='toggle-toggle-id-6' data-fake-id='#toggle-id-6' class='toggler  av-title-above '  itemprop=\"headline\"  role='tab' tabindex='0' aria-controls='toggle-id-6' data-slide-speed=\"200\" data-title=\"Un colis est-il envoy\u00e9 par votre propre service de livraison ?\" data-title-open=\"\" data-aria_collapsed=\"Cliquez pour \u00e9tendre : Un colis est-il envoy\u00e9 par votre propre service de livraison ?\" data-aria_expanded=\"Cliquez pour r\u00e9duire : Un colis est-il envoy\u00e9 par votre propre service de livraison ?\">Un colis est-il envoy\u00e9 par votre propre service de livraison ?<span class=\"toggle_icon\"><span class=\"vert_icon\"><\/span><span class=\"hor_icon\"><\/span><\/span><\/p><div id='toggle-id-6' aria-labelledby='toggle-toggle-id-6' role='region' class='toggle_wrap  av-title-above'  ><div class='toggle_content invers-color '  itemprop=\"text\" ><p>Le service de livraison en ligne r\u00e9cup\u00e8re toutes les marchandises, grandes et petites, de la vente aux ench\u00e8res. Cependant, nous livrons \u00e9galement certaines marchandises par l&rsquo;interm\u00e9diaire de nos partenaires.<\/p>\n<p>Les colis sont donc exp\u00e9di\u00e9s avec notre partenaire, ce qui nous permet de maintenir des prix comp\u00e9titifs.<\/p>\n<\/div><\/div><\/div><\/section>\n<\/div><\/p><\/div>\n","protected":false},"excerpt":{"rendered":"","protected":false},"author":4,"featured_media":0,"parent":0,"menu_order":0,"comment_status":"closed","ping_status":"closed","template":"","meta":{"_acf_changed":false,"footnotes":""},"class_list":["post-9985","page","type-page","status-publish","hentry"],"acf":[],"yoast_head":"<!-- This site is optimized with the Yoast SEO plugin v25.3.1 - https:\/\/yoast.com\/wordpress\/plugins\/seo\/ -->\n<title>Questions fr\u00e9quentes - Online Bezorgservice<\/title>\n<meta name=\"robots\" content=\"index, follow, max-snippet:-1, max-image-preview:large, max-video-preview:-1\" \/>\n<link rel=\"canonical\" href=\"https:\/\/old.onlinebezorgservice.nl\/fr\/questions-frequentes\/\" \/>\n<meta property=\"og:locale\" content=\"fr_FR\" \/>\n<meta property=\"og:type\" content=\"article\" \/>\n<meta property=\"og:title\" content=\"Questions fr\u00e9quentes - Online Bezorgservice\" \/>\n<meta property=\"og:url\" content=\"https:\/\/old.onlinebezorgservice.nl\/fr\/questions-frequentes\/\" \/>\n<meta property=\"og:site_name\" content=\"Online Bezorgservice\" \/>\n<meta property=\"article:modified_time\" content=\"2023-08-01T09:19:28+00:00\" \/>\n<meta property=\"og:image\" content=\"https:\/\/old.onlinebezorgservice.nl\/wp-content\/uploads\/2023\/03\/opengraph.png\" \/>\n\t<meta property=\"og:image:width\" content=\"1200\" \/>\n\t<meta property=\"og:image:height\" content=\"630\" \/>\n\t<meta property=\"og:image:type\" content=\"image\/png\" \/>\n<meta name=\"twitter:card\" content=\"summary_large_image\" \/>\n<meta name=\"twitter:label1\" content=\"Dur\u00e9e de lecture estim\u00e9e\" \/>\n\t<meta name=\"twitter:data1\" content=\"4 minutes\" \/>\n<script type=\"application\/ld+json\" class=\"yoast-schema-graph\">{\"@context\":\"https:\/\/schema.org\",\"@graph\":[{\"@type\":\"WebPage\",\"@id\":\"https:\/\/old.onlinebezorgservice.nl\/fr\/questions-frequentes\/\",\"url\":\"https:\/\/old.onlinebezorgservice.nl\/fr\/questions-frequentes\/\",\"name\":\"Questions fr\u00e9quentes - Online Bezorgservice\",\"isPartOf\":{\"@id\":\"https:\/\/old.onlinebezorgservice.nl\/fr\/#website\"},\"datePublished\":\"2021-05-20T09:40:48+00:00\",\"dateModified\":\"2023-08-01T09:19:28+00:00\",\"breadcrumb\":{\"@id\":\"https:\/\/old.onlinebezorgservice.nl\/fr\/questions-frequentes\/#breadcrumb\"},\"inLanguage\":\"fr-FR\",\"potentialAction\":[{\"@type\":\"ReadAction\",\"target\":[\"https:\/\/old.onlinebezorgservice.nl\/fr\/questions-frequentes\/\"]}]},{\"@type\":\"BreadcrumbList\",\"@id\":\"https:\/\/old.onlinebezorgservice.nl\/fr\/questions-frequentes\/#breadcrumb\",\"itemListElement\":[{\"@type\":\"ListItem\",\"position\":1,\"name\":\"Home\",\"item\":\"https:\/\/old.onlinebezorgservice.nl\/fr\/\"},{\"@type\":\"ListItem\",\"position\":2,\"name\":\"Questions fr\u00e9quentes\"}]},{\"@type\":\"WebSite\",\"@id\":\"https:\/\/old.onlinebezorgservice.nl\/fr\/#website\",\"url\":\"https:\/\/old.onlinebezorgservice.nl\/fr\/\",\"name\":\"Online Bezorgservice\",\"description\":\"\",\"publisher\":{\"@id\":\"https:\/\/old.onlinebezorgservice.nl\/fr\/#organization\"},\"potentialAction\":[{\"@type\":\"SearchAction\",\"target\":{\"@type\":\"EntryPoint\",\"urlTemplate\":\"https:\/\/old.onlinebezorgservice.nl\/fr\/?s={search_term_string}\"},\"query-input\":{\"@type\":\"PropertyValueSpecification\",\"valueRequired\":true,\"valueName\":\"search_term_string\"}}],\"inLanguage\":\"fr-FR\"},{\"@type\":\"Organization\",\"@id\":\"https:\/\/old.onlinebezorgservice.nl\/fr\/#organization\",\"name\":\"Online Bezorgservice\",\"url\":\"https:\/\/old.onlinebezorgservice.nl\/fr\/\",\"logo\":{\"@type\":\"ImageObject\",\"inLanguage\":\"fr-FR\",\"@id\":\"https:\/\/old.onlinebezorgservice.nl\/fr\/#\/schema\/logo\/image\/\",\"url\":\"https:\/\/www.onlinebezorgservice.nl\/wp-content\/uploads\/2021\/04\/logo-obs.svg\",\"contentUrl\":\"https:\/\/www.onlinebezorgservice.nl\/wp-content\/uploads\/2021\/04\/logo-obs.svg\",\"width\":601,\"height\":132,\"caption\":\"Online Bezorgservice\"},\"image\":{\"@id\":\"https:\/\/old.onlinebezorgservice.nl\/fr\/#\/schema\/logo\/image\/\"}}]}<\/script>\n<!-- \/ Yoast SEO plugin. -->","yoast_head_json":{"title":"Questions fr\u00e9quentes - Online Bezorgservice","robots":{"index":"index","follow":"follow","max-snippet":"max-snippet:-1","max-image-preview":"max-image-preview:large","max-video-preview":"max-video-preview:-1"},"canonical":"https:\/\/old.onlinebezorgservice.nl\/fr\/questions-frequentes\/","og_locale":"fr_FR","og_type":"article","og_title":"Questions fr\u00e9quentes - Online Bezorgservice","og_url":"https:\/\/old.onlinebezorgservice.nl\/fr\/questions-frequentes\/","og_site_name":"Online Bezorgservice","article_modified_time":"2023-08-01T09:19:28+00:00","og_image":[{"width":1200,"height":630,"url":"https:\/\/old.onlinebezorgservice.nl\/wp-content\/uploads\/2023\/03\/opengraph.png","type":"image\/png"}],"twitter_card":"summary_large_image","twitter_misc":{"Dur\u00e9e de lecture estim\u00e9e":"4 minutes"},"schema":{"@context":"https:\/\/schema.org","@graph":[{"@type":"WebPage","@id":"https:\/\/old.onlinebezorgservice.nl\/fr\/questions-frequentes\/","url":"https:\/\/old.onlinebezorgservice.nl\/fr\/questions-frequentes\/","name":"Questions fr\u00e9quentes - Online Bezorgservice","isPartOf":{"@id":"https:\/\/old.onlinebezorgservice.nl\/fr\/#website"},"datePublished":"2021-05-20T09:40:48+00:00","dateModified":"2023-08-01T09:19:28+00:00","breadcrumb":{"@id":"https:\/\/old.onlinebezorgservice.nl\/fr\/questions-frequentes\/#breadcrumb"},"inLanguage":"fr-FR","potentialAction":[{"@type":"ReadAction","target":["https:\/\/old.onlinebezorgservice.nl\/fr\/questions-frequentes\/"]}]},{"@type":"BreadcrumbList","@id":"https:\/\/old.onlinebezorgservice.nl\/fr\/questions-frequentes\/#breadcrumb","itemListElement":[{"@type":"ListItem","position":1,"name":"Home","item":"https:\/\/old.onlinebezorgservice.nl\/fr\/"},{"@type":"ListItem","position":2,"name":"Questions fr\u00e9quentes"}]},{"@type":"WebSite","@id":"https:\/\/old.onlinebezorgservice.nl\/fr\/#website","url":"https:\/\/old.onlinebezorgservice.nl\/fr\/","name":"Online Bezorgservice","description":"","publisher":{"@id":"https:\/\/old.onlinebezorgservice.nl\/fr\/#organization"},"potentialAction":[{"@type":"SearchAction","target":{"@type":"EntryPoint","urlTemplate":"https:\/\/old.onlinebezorgservice.nl\/fr\/?s={search_term_string}"},"query-input":{"@type":"PropertyValueSpecification","valueRequired":true,"valueName":"search_term_string"}}],"inLanguage":"fr-FR"},{"@type":"Organization","@id":"https:\/\/old.onlinebezorgservice.nl\/fr\/#organization","name":"Online Bezorgservice","url":"https:\/\/old.onlinebezorgservice.nl\/fr\/","logo":{"@type":"ImageObject","inLanguage":"fr-FR","@id":"https:\/\/old.onlinebezorgservice.nl\/fr\/#\/schema\/logo\/image\/","url":"https:\/\/www.onlinebezorgservice.nl\/wp-content\/uploads\/2021\/04\/logo-obs.svg","contentUrl":"https:\/\/www.onlinebezorgservice.nl\/wp-content\/uploads\/2021\/04\/logo-obs.svg","width":601,"height":132,"caption":"Online Bezorgservice"},"image":{"@id":"https:\/\/old.onlinebezorgservice.nl\/fr\/#\/schema\/logo\/image\/"}}]}},"_links":{"self":[{"href":"https:\/\/old.onlinebezorgservice.nl\/fr\/wp-json\/wp\/v2\/pages\/9985","targetHints":{"allow":["GET"]}}],"collection":[{"href":"https:\/\/old.onlinebezorgservice.nl\/fr\/wp-json\/wp\/v2\/pages"}],"about":[{"href":"https:\/\/old.onlinebezorgservice.nl\/fr\/wp-json\/wp\/v2\/types\/page"}],"author":[{"embeddable":true,"href":"https:\/\/old.onlinebezorgservice.nl\/fr\/wp-json\/wp\/v2\/users\/4"}],"replies":[{"embeddable":true,"href":"https:\/\/old.onlinebezorgservice.nl\/fr\/wp-json\/wp\/v2\/comments?post=9985"}],"version-history":[{"count":11,"href":"https:\/\/old.onlinebezorgservice.nl\/fr\/wp-json\/wp\/v2\/pages\/9985\/revisions"}],"predecessor-version":[{"id":13284,"href":"https:\/\/old.onlinebezorgservice.nl\/fr\/wp-json\/wp\/v2\/pages\/9985\/revisions\/13284"}],"wp:attachment":[{"href":"https:\/\/old.onlinebezorgservice.nl\/fr\/wp-json\/wp\/v2\/media?parent=9985"}],"curies":[{"name":"wp","href":"https:\/\/api.w.org\/{rel}","templated":true}]}}