{"id":10247,"date":"2021-11-24T09:48:33","date_gmt":"2021-11-24T08:48:33","guid":{"rendered":"https:\/\/www.onlinebezorgservice.nl\/contact\/"},"modified":"2023-05-25T12:37:14","modified_gmt":"2023-05-25T10:37:14","slug":"contactez-nous","status":"publish","type":"page","link":"https:\/\/old.onlinebezorgservice.nl\/fr\/contactez-nous\/","title":{"rendered":"Contactez-nous"},"content":{"rendered":"<div id='av_section_1'  class='avia-section av-k99i63-2cf0156507b01a94eb74917d44246a58 main_color avia-section-default avia-no-border-styling  avia-builder-el-0  avia-builder-el-no-sibling  avia-bg-style-scroll container_wrap fullsize'  ><div class='container av-section-cont-open' ><main  role=\"main\" itemprop=\"mainContentOfPage\"  class='template-page content  av-content-full alpha units'><div class='post-entry post-entry-type-page post-entry-10247'><div class='entry-content-wrapper clearfix'>\n\n<style type=\"text\/css\" data-created_by=\"avia_inline_auto\" id=\"style-css-av-h3jxcb-c232cbef5df74bf7040e98e535b4013a\">\n.flex_column.av-h3jxcb-c232cbef5df74bf7040e98e535b4013a{\nborder-radius:0px 0px 0px 0px;\npadding:0px 0px 0px 0px;\n}\n<\/style>\n<div  class='flex_column av-h3jxcb-c232cbef5df74bf7040e98e535b4013a av_three_fifth  avia-builder-el-1  el_before_av_two_fifth  avia-builder-el-first  first flex_column_div av-zero-column-padding  '     ><p>\n<style type=\"text\/css\" data-created_by=\"avia_inline_auto\" id=\"style-css-av-kowpmub8-2406001e7c8b6189fc789ab5f7e25cca\">\n#top .av-special-heading.av-kowpmub8-2406001e7c8b6189fc789ab5f7e25cca{\npadding-bottom:10px;\n}\nbody .av-special-heading.av-kowpmub8-2406001e7c8b6189fc789ab5f7e25cca .av-special-heading-tag .heading-char{\nfont-size:25px;\n}\n.av-special-heading.av-kowpmub8-2406001e7c8b6189fc789ab5f7e25cca .av-subheading{\nfont-size:15px;\n}\n<\/style>\n<div  class='av-special-heading av-kowpmub8-2406001e7c8b6189fc789ab5f7e25cca av-special-heading-h1 blockquote modern-quote  avia-builder-el-2  el_before_av_textblock  avia-builder-el-first '><h1 class='av-special-heading-tag '  itemprop=\"headline\"  >Contactez-nous<\/h1><div class=\"special-heading-border\"><div class=\"special-heading-inner-border\"><\/div><\/div><\/div><br \/>\n<section  class='av_textblock_section av-li2zzg1c-3038ec610f6859237d3b9f920fe65ea9 '   itemscope=\"itemscope\" itemtype=\"https:\/\/schema.org\/CreativeWork\" ><div class='avia_textblock'  itemprop=\"text\" ><p>L&rsquo;\u00e9quipe de Van de Scheur Logistiek est disponible les jours ouvrables pour r\u00e9pondre \u00e0 vos questions et \u00e9tablir un devis pour vous.<br \/>\nContactez-nous \u00e0: <a href=\"mailto:obs@vdslogistiek.nl\">obs@vdslogistiek.nl<\/a> ou appelez le <a href=\"tel:+31347792017\">+31 347 79 20 17<\/a>.<\/p>\n<p>Vous pouvez \u00e9galement utiliser le formulaire de contact ci-dessous. Nous nous effor\u00e7ons de vous r\u00e9pondre dans les 24 heures.<\/p>\n<\/div><\/section><\/p><\/div><div  class='flex_column av-6j0xrf-c6772ffd0fd679a78924a92fc6a82ce6 av_two_fifth  avia-builder-el-4  el_after_av_three_fifth  el_before_av_three_fifth  flex_column_div  '     ><\/div><div  class='flex_column av-gg2fv-88d63e36bfd6c25f1bd26fa41fdc6755 av_three_fifth  avia-builder-el-5  el_after_av_two_fifth  el_before_av_two_fifth  first flex_column_div  '     ><\/div><div  class='flex_column av-2c7esr-61eb65faf52c9acd9f529fed44c51406 av_two_fifth  avia-builder-el-7  el_after_av_three_fifth  avia-builder-el-last  flex_column_div  '     ><\/div>\n","protected":false},"excerpt":{"rendered":"","protected":false},"author":1,"featured_media":0,"parent":0,"menu_order":0,"comment_status":"closed","ping_status":"closed","template":"","meta":{"_acf_changed":false,"footnotes":""},"class_list":["post-10247","page","type-page","status-publish","hentry"],"acf":[],"yoast_head":"<!-- This site is optimized with the Yoast SEO plugin v25.3.1 - https:\/\/yoast.com\/wordpress\/plugins\/seo\/ -->\n<title>Contactez-nous - Online Bezorgservice<\/title>\n<meta name=\"description\" content=\"The Van de Scheur Logistiek team is available on working days to answer your questions and make a quotation for you.\" \/>\n<meta name=\"robots\" content=\"index, follow, max-snippet:-1, max-image-preview:large, max-video-preview:-1\" \/>\n<link rel=\"canonical\" href=\"https:\/\/old.onlinebezorgservice.nl\/fr\/contactez-nous\/\" \/>\n<meta property=\"og:locale\" content=\"fr_FR\" \/>\n<meta property=\"og:type\" content=\"article\" \/>\n<meta property=\"og:title\" content=\"Contactez-nous - Online Bezorgservice\" \/>\n<meta property=\"og:description\" content=\"The Van de Scheur Logistiek team is available on working days to answer your questions and make a quotation for you.\" \/>\n<meta property=\"og:url\" content=\"https:\/\/old.onlinebezorgservice.nl\/fr\/contactez-nous\/\" \/>\n<meta property=\"og:site_name\" content=\"Online Bezorgservice\" \/>\n<meta property=\"article:modified_time\" content=\"2023-05-25T10:37:14+00:00\" \/>\n<meta property=\"og:image\" content=\"https:\/\/old.onlinebezorgservice.nl\/wp-content\/uploads\/2023\/03\/opengraph.png\" \/>\n\t<meta property=\"og:image:width\" content=\"1200\" \/>\n\t<meta property=\"og:image:height\" content=\"630\" \/>\n\t<meta property=\"og:image:type\" content=\"image\/png\" \/>\n<meta name=\"twitter:card\" content=\"summary_large_image\" \/>\n<meta name=\"twitter:label1\" content=\"Dur\u00e9e de lecture estim\u00e9e\" \/>\n\t<meta name=\"twitter:data1\" content=\"2 minutes\" \/>\n<script type=\"application\/ld+json\" class=\"yoast-schema-graph\">{\"@context\":\"https:\/\/schema.org\",\"@graph\":[{\"@type\":\"WebPage\",\"@id\":\"https:\/\/old.onlinebezorgservice.nl\/fr\/contactez-nous\/\",\"url\":\"https:\/\/old.onlinebezorgservice.nl\/fr\/contactez-nous\/\",\"name\":\"Contactez-nous - Online Bezorgservice\",\"isPartOf\":{\"@id\":\"https:\/\/old.onlinebezorgservice.nl\/fr\/#website\"},\"datePublished\":\"2021-11-24T08:48:33+00:00\",\"dateModified\":\"2023-05-25T10:37:14+00:00\",\"description\":\"The Van de Scheur Logistiek team is available on working days to answer your questions and make a quotation for you.\",\"breadcrumb\":{\"@id\":\"https:\/\/old.onlinebezorgservice.nl\/fr\/contactez-nous\/#breadcrumb\"},\"inLanguage\":\"fr-FR\",\"potentialAction\":[{\"@type\":\"ReadAction\",\"target\":[\"https:\/\/old.onlinebezorgservice.nl\/fr\/contactez-nous\/\"]}]},{\"@type\":\"BreadcrumbList\",\"@id\":\"https:\/\/old.onlinebezorgservice.nl\/fr\/contactez-nous\/#breadcrumb\",\"itemListElement\":[{\"@type\":\"ListItem\",\"position\":1,\"name\":\"Home\",\"item\":\"https:\/\/old.onlinebezorgservice.nl\/fr\/\"},{\"@type\":\"ListItem\",\"position\":2,\"name\":\"Contactez-nous\"}]},{\"@type\":\"WebSite\",\"@id\":\"https:\/\/old.onlinebezorgservice.nl\/fr\/#website\",\"url\":\"https:\/\/old.onlinebezorgservice.nl\/fr\/\",\"name\":\"Online Bezorgservice\",\"description\":\"\",\"publisher\":{\"@id\":\"https:\/\/old.onlinebezorgservice.nl\/fr\/#organization\"},\"potentialAction\":[{\"@type\":\"SearchAction\",\"target\":{\"@type\":\"EntryPoint\",\"urlTemplate\":\"https:\/\/old.onlinebezorgservice.nl\/fr\/?s={search_term_string}\"},\"query-input\":{\"@type\":\"PropertyValueSpecification\",\"valueRequired\":true,\"valueName\":\"search_term_string\"}}],\"inLanguage\":\"fr-FR\"},{\"@type\":\"Organization\",\"@id\":\"https:\/\/old.onlinebezorgservice.nl\/fr\/#organization\",\"name\":\"Online Bezorgservice\",\"url\":\"https:\/\/old.onlinebezorgservice.nl\/fr\/\",\"logo\":{\"@type\":\"ImageObject\",\"inLanguage\":\"fr-FR\",\"@id\":\"https:\/\/old.onlinebezorgservice.nl\/fr\/#\/schema\/logo\/image\/\",\"url\":\"https:\/\/www.onlinebezorgservice.nl\/wp-content\/uploads\/2021\/04\/logo-obs.svg\",\"contentUrl\":\"https:\/\/www.onlinebezorgservice.nl\/wp-content\/uploads\/2021\/04\/logo-obs.svg\",\"width\":601,\"height\":132,\"caption\":\"Online Bezorgservice\"},\"image\":{\"@id\":\"https:\/\/old.onlinebezorgservice.nl\/fr\/#\/schema\/logo\/image\/\"}}]}<\/script>\n<!-- \/ Yoast SEO plugin. -->","yoast_head_json":{"title":"Contactez-nous - Online Bezorgservice","description":"The Van de Scheur Logistiek team is available on working days to answer your questions and make a quotation for you.","robots":{"index":"index","follow":"follow","max-snippet":"max-snippet:-1","max-image-preview":"max-image-preview:large","max-video-preview":"max-video-preview:-1"},"canonical":"https:\/\/old.onlinebezorgservice.nl\/fr\/contactez-nous\/","og_locale":"fr_FR","og_type":"article","og_title":"Contactez-nous - Online Bezorgservice","og_description":"The Van de Scheur Logistiek team is available on working days to answer your questions and make a quotation for you.","og_url":"https:\/\/old.onlinebezorgservice.nl\/fr\/contactez-nous\/","og_site_name":"Online Bezorgservice","article_modified_time":"2023-05-25T10:37:14+00:00","og_image":[{"width":1200,"height":630,"url":"https:\/\/old.onlinebezorgservice.nl\/wp-content\/uploads\/2023\/03\/opengraph.png","type":"image\/png"}],"twitter_card":"summary_large_image","twitter_misc":{"Dur\u00e9e de lecture estim\u00e9e":"2 minutes"},"schema":{"@context":"https:\/\/schema.org","@graph":[{"@type":"WebPage","@id":"https:\/\/old.onlinebezorgservice.nl\/fr\/contactez-nous\/","url":"https:\/\/old.onlinebezorgservice.nl\/fr\/contactez-nous\/","name":"Contactez-nous - Online Bezorgservice","isPartOf":{"@id":"https:\/\/old.onlinebezorgservice.nl\/fr\/#website"},"datePublished":"2021-11-24T08:48:33+00:00","dateModified":"2023-05-25T10:37:14+00:00","description":"The Van de Scheur Logistiek team is available on working days to answer your questions and make a quotation for you.","breadcrumb":{"@id":"https:\/\/old.onlinebezorgservice.nl\/fr\/contactez-nous\/#breadcrumb"},"inLanguage":"fr-FR","potentialAction":[{"@type":"ReadAction","target":["https:\/\/old.onlinebezorgservice.nl\/fr\/contactez-nous\/"]}]},{"@type":"BreadcrumbList","@id":"https:\/\/old.onlinebezorgservice.nl\/fr\/contactez-nous\/#breadcrumb","itemListElement":[{"@type":"ListItem","position":1,"name":"Home","item":"https:\/\/old.onlinebezorgservice.nl\/fr\/"},{"@type":"ListItem","position":2,"name":"Contactez-nous"}]},{"@type":"WebSite","@id":"https:\/\/old.onlinebezorgservice.nl\/fr\/#website","url":"https:\/\/old.onlinebezorgservice.nl\/fr\/","name":"Online Bezorgservice","description":"","publisher":{"@id":"https:\/\/old.onlinebezorgservice.nl\/fr\/#organization"},"potentialAction":[{"@type":"SearchAction","target":{"@type":"EntryPoint","urlTemplate":"https:\/\/old.onlinebezorgservice.nl\/fr\/?s={search_term_string}"},"query-input":{"@type":"PropertyValueSpecification","valueRequired":true,"valueName":"search_term_string"}}],"inLanguage":"fr-FR"},{"@type":"Organization","@id":"https:\/\/old.onlinebezorgservice.nl\/fr\/#organization","name":"Online Bezorgservice","url":"https:\/\/old.onlinebezorgservice.nl\/fr\/","logo":{"@type":"ImageObject","inLanguage":"fr-FR","@id":"https:\/\/old.onlinebezorgservice.nl\/fr\/#\/schema\/logo\/image\/","url":"https:\/\/www.onlinebezorgservice.nl\/wp-content\/uploads\/2021\/04\/logo-obs.svg","contentUrl":"https:\/\/www.onlinebezorgservice.nl\/wp-content\/uploads\/2021\/04\/logo-obs.svg","width":601,"height":132,"caption":"Online Bezorgservice"},"image":{"@id":"https:\/\/old.onlinebezorgservice.nl\/fr\/#\/schema\/logo\/image\/"}}]}},"_links":{"self":[{"href":"https:\/\/old.onlinebezorgservice.nl\/fr\/wp-json\/wp\/v2\/pages\/10247","targetHints":{"allow":["GET"]}}],"collection":[{"href":"https:\/\/old.onlinebezorgservice.nl\/fr\/wp-json\/wp\/v2\/pages"}],"about":[{"href":"https:\/\/old.onlinebezorgservice.nl\/fr\/wp-json\/wp\/v2\/types\/page"}],"author":[{"embeddable":true,"href":"https:\/\/old.onlinebezorgservice.nl\/fr\/wp-json\/wp\/v2\/users\/1"}],"replies":[{"embeddable":true,"href":"https:\/\/old.onlinebezorgservice.nl\/fr\/wp-json\/wp\/v2\/comments?post=10247"}],"version-history":[{"count":10,"href":"https:\/\/old.onlinebezorgservice.nl\/fr\/wp-json\/wp\/v2\/pages\/10247\/revisions"}],"predecessor-version":[{"id":10259,"href":"https:\/\/old.onlinebezorgservice.nl\/fr\/wp-json\/wp\/v2\/pages\/10247\/revisions\/10259"}],"wp:attachment":[{"href":"https:\/\/old.onlinebezorgservice.nl\/fr\/wp-json\/wp\/v2\/media?parent=10247"}],"curies":[{"name":"wp","href":"https:\/\/api.w.org\/{rel}","templated":true}]}}