{"id":9986,"date":"2021-05-20T11:40:48","date_gmt":"2021-05-20T09:40:48","guid":{"rendered":"https:\/\/www.onlinebezorgservice.nl\/veel-gestelde-vragen\/"},"modified":"2023-05-23T14:53:58","modified_gmt":"2023-05-23T12:53:58","slug":"haeufig-gestellte-fragen","status":"publish","type":"page","link":"https:\/\/old.onlinebezorgservice.nl\/de\/haeufig-gestellte-fragen\/","title":{"rendered":"H\u00e4ufig gestellte Fragen"},"content":{"rendered":"<div id='av_section_1'  class='avia-section av-r2dnx2-df490faad7656484194980ff867a19be main_color avia-section-default avia-no-border-styling  avia-builder-el-0  avia-builder-el-no-sibling  avia-bg-style-scroll container_wrap fullsize'  ><div class='container av-section-cont-open' ><main  role=\"main\" itemprop=\"mainContentOfPage\"  class='template-page content  av-content-full alpha units'><div class='post-entry post-entry-type-page post-entry-9986'><div class='entry-content-wrapper clearfix'>\n\n<style type=\"text\/css\" data-created_by=\"avia_inline_auto\" id=\"style-css-av-2miupi-c1f8952076e82d8e45950a3f1a47ad42\">\n.flex_column.av-2miupi-c1f8952076e82d8e45950a3f1a47ad42{\nborder-radius:0px 0px 0px 0px;\npadding:0px 0px 0px 0px;\n}\n<\/style>\n<div  class='flex_column av-2miupi-c1f8952076e82d8e45950a3f1a47ad42 av_one_full  avia-builder-el-1  el_before_av_one_full  avia-builder-el-first  first flex_column_div av-zero-column-padding  '     ><style type=\"text\/css\" data-created_by=\"avia_inline_auto\" id=\"style-css-av-kowpdsje-f5ec9636a474cb55745916bd9c9a007f\">\n#top .av-special-heading.av-kowpdsje-f5ec9636a474cb55745916bd9c9a007f{\npadding-bottom:10px;\n}\nbody .av-special-heading.av-kowpdsje-f5ec9636a474cb55745916bd9c9a007f .av-special-heading-tag .heading-char{\nfont-size:25px;\n}\n.av-special-heading.av-kowpdsje-f5ec9636a474cb55745916bd9c9a007f .av-subheading{\nfont-size:15px;\n}\n<\/style>\n<div  class='av-special-heading av-kowpdsje-f5ec9636a474cb55745916bd9c9a007f av-special-heading-h1 blockquote modern-quote  avia-builder-el-2  avia-builder-el-no-sibling '><h1 class='av-special-heading-tag '  itemprop=\"headline\"  >H\u00e4ufig gestellte Fragen<\/h1><div class=\"special-heading-border\"><div class=\"special-heading-inner-border\"><\/div><\/div><\/div><\/div>\n<style type=\"text\/css\" data-created_by=\"avia_inline_auto\" id=\"style-css-av-nr6gw6-20f87eafba5df3f7290ac699597ce9f0\">\n.flex_column.av-nr6gw6-20f87eafba5df3f7290ac699597ce9f0{\nborder-radius:0px 0px 0px 0px;\npadding:0px 0px 0px 0px;\n}\n<\/style>\n<div  class='flex_column av-nr6gw6-20f87eafba5df3f7290ac699597ce9f0 av_one_full  avia-builder-el-3  el_after_av_one_full  el_before_av_one_full  first flex_column_div av-zero-column-padding  column-top-margin'     ><p>\n<style type=\"text\/css\" data-created_by=\"avia_inline_auto\" id=\"style-css-av-kowpd2ua-fa3626da4c39c9b137c3e9ef9f4b53aa\">\n#top .av-special-heading.av-kowpd2ua-fa3626da4c39c9b137c3e9ef9f4b53aa{\npadding-bottom:10px;\n}\nbody .av-special-heading.av-kowpd2ua-fa3626da4c39c9b137c3e9ef9f4b53aa .av-special-heading-tag .heading-char{\nfont-size:25px;\n}\n.av-special-heading.av-kowpd2ua-fa3626da4c39c9b137c3e9ef9f4b53aa .av-subheading{\nfont-size:15px;\n}\n<\/style>\n<div  class='av-special-heading av-kowpd2ua-fa3626da4c39c9b137c3e9ef9f4b53aa av-special-heading-h2 blockquote modern-quote  avia-builder-el-4  el_before_av_toggle_container  avia-builder-el-first '><h2 class='av-special-heading-tag '  itemprop=\"headline\"  >Allgemeine Fragen<\/h2><div class=\"special-heading-border\"><div class=\"special-heading-inner-border\"><\/div><\/div><\/div><br \/>\n<div  class='togglecontainer av-mzet8m-08a2c05b8f1b8639c460513369513a4c  avia-builder-el-5  el_after_av_heading  avia-builder-el-last  toggle_close_all' >\n<section class='av_toggle_section av-iqszgm-c8c4b87555aa64a82b897fc2755766a4'  itemscope=\"itemscope\" itemtype=\"https:\/\/schema.org\/CreativeWork\" ><div role=\"tablist\" class=\"single_toggle\" data-tags=\"{Alle} \"  ><p id='toggle-toggle-id-1' data-fake-id='#toggle-id-1' class='toggler  av-title-above '  itemprop=\"headline\"  role='tab' tabindex='0' aria-controls='toggle-id-1' data-slide-speed=\"200\" data-title=\"Was sind die Schritte f\u00fcr ein individuelles Angebot?\" data-title-open=\"\" data-aria_collapsed=\"Click to expand: Was sind die Schritte f\u00fcr ein individuelles Angebot?\" data-aria_expanded=\"Click to collapse: Was sind die Schritte f\u00fcr ein individuelles Angebot?\">Was sind die Schritte f\u00fcr ein individuelles Angebot?<span class=\"toggle_icon\"><span class=\"vert_icon\"><\/span><span class=\"hor_icon\"><\/span><\/span><\/p><div id='toggle-id-1' aria-labelledby='toggle-toggle-id-1' role='region' class='toggle_wrap  av-title-above'  ><div class='toggle_content invers-color '  itemprop=\"text\" ><p>Bei einem individuellen Angebot besichtigt einer unserer Mitarbeiter die Ware und legt auf dieser Grundlage den Preis f\u00fcr die zu liefernde Ware fest.<\/p>\n<p>Sie erhalten dann schnellstm\u00f6glich ein Angebot von uns.<\/p>\n<\/div><\/div><\/div><\/section>\n<section class='av_toggle_section av-kv9ii5u9-a6ecef3021a54d7c98ac75bcf0cc63fc'  itemscope=\"itemscope\" itemtype=\"https:\/\/schema.org\/CreativeWork\" ><div role=\"tablist\" class=\"single_toggle\" data-tags=\"{Alle} \"  ><p id='toggle-toggle-id-2' data-fake-id='#toggle-id-2' class='toggler  av-title-above '  itemprop=\"headline\"  role='tab' tabindex='0' aria-controls='toggle-id-2' data-slide-speed=\"200\" data-title=\"Ist meine Ware w\u00e4hrend des Transports versichert?\" data-title-open=\"\" data-aria_collapsed=\"Click to expand: Ist meine Ware w\u00e4hrend des Transports versichert?\" data-aria_expanded=\"Click to collapse: Ist meine Ware w\u00e4hrend des Transports versichert?\">Ist meine Ware w\u00e4hrend des Transports versichert?<span class=\"toggle_icon\"><span class=\"vert_icon\"><\/span><span class=\"hor_icon\"><\/span><\/span><\/p><div id='toggle-id-2' aria-labelledby='toggle-toggle-id-2' role='region' class='toggle_wrap  av-title-above'  ><div class='toggle_content invers-color '  itemprop=\"text\" ><p>Eine gesonderte Versicherung der Ware w\u00e4hrend des Transports besteht bei uns nicht. Sie k\u00f6nnen dies selbst \u00fcber Ihren eigenen Versicherer regeln.<\/p>\n<\/div><\/div><\/div><\/section>\n<\/div><\/p><\/div>\n<style type=\"text\/css\" data-created_by=\"avia_inline_auto\" id=\"style-css-av-h5mat2-56bc6737c0b927e589908108106bcc71\">\n.flex_column.av-h5mat2-56bc6737c0b927e589908108106bcc71{\nborder-radius:0px 0px 0px 0px;\npadding:0px 0px 0px 0px;\n}\n<\/style>\n<div  class='flex_column av-h5mat2-56bc6737c0b927e589908108106bcc71 av_one_full  avia-builder-el-6  el_after_av_one_full  el_before_av_one_full  first flex_column_div av-zero-column-padding  column-top-margin'     ><p>\n<style type=\"text\/css\" data-created_by=\"avia_inline_auto\" id=\"style-css-av-f7y5li-ccfc83515f44e8c9a2ea9bc9f2987bd6\">\n#top .av-special-heading.av-f7y5li-ccfc83515f44e8c9a2ea9bc9f2987bd6{\npadding-bottom:10px;\n}\nbody .av-special-heading.av-f7y5li-ccfc83515f44e8c9a2ea9bc9f2987bd6 .av-special-heading-tag .heading-char{\nfont-size:25px;\n}\n.av-special-heading.av-f7y5li-ccfc83515f44e8c9a2ea9bc9f2987bd6 .av-subheading{\nfont-size:15px;\n}\n<\/style>\n<div  class='av-special-heading av-f7y5li-ccfc83515f44e8c9a2ea9bc9f2987bd6 av-special-heading-h2 blockquote modern-quote  avia-builder-el-7  el_before_av_toggle_container  avia-builder-el-first '><h2 class='av-special-heading-tag '  itemprop=\"headline\"  >Zahlung<\/h2><div class=\"special-heading-border\"><div class=\"special-heading-inner-border\"><\/div><\/div><\/div><br \/>\n<div  class='togglecontainer av-eemzhi-995f9394f101a51d63e958f7a1e820bb  avia-builder-el-8  el_after_av_heading  avia-builder-el-last  toggle_close_all' >\n<section class='av_toggle_section av-c167li-2f389b5ff9f34882832379e897c51f15'  itemscope=\"itemscope\" itemtype=\"https:\/\/schema.org\/CreativeWork\" ><div role=\"tablist\" class=\"single_toggle\" data-tags=\"{Alle} \"  ><p id='toggle-toggle-id-3' data-fake-id='#toggle-id-3' class='toggler  av-title-above '  itemprop=\"headline\"  role='tab' tabindex='0' aria-controls='toggle-id-3' data-slide-speed=\"200\" data-title=\"Wie l\u00e4uft die Zahlung ab?\" data-title-open=\"\" data-aria_collapsed=\"Click to expand: Wie l\u00e4uft die Zahlung ab?\" data-aria_expanded=\"Click to collapse: Wie l\u00e4uft die Zahlung ab?\">Wie l\u00e4uft die Zahlung ab?<span class=\"toggle_icon\"><span class=\"vert_icon\"><\/span><span class=\"hor_icon\"><\/span><\/span><\/p><div id='toggle-id-3' aria-labelledby='toggle-toggle-id-3' role='region' class='toggle_wrap  av-title-above'  ><div class='toggle_content invers-color '  itemprop=\"text\" ><p>Wenn Sie damit einverstanden sind, vereinbaren wir den Termin f\u00fcr den Einsatz. Gleichzeitig wird eine Rechnung erstellt, die Ihnen mit einem Link zur sofortigen Zahlung zugesandt wird. Die Ware wird immer abgeholt. Sobald die Zahlung erfolgt ist, liefern wir die Ware aus.<\/p>\n<\/div><\/div><\/div><\/section>\n<section class='av_toggle_section av-ajfmja-3a24c7d830c1236e5997f3e13c390f38'  itemscope=\"itemscope\" itemtype=\"https:\/\/schema.org\/CreativeWork\" ><div role=\"tablist\" class=\"single_toggle\" data-tags=\"{Alle} \"  ><p id='toggle-toggle-id-4' data-fake-id='#toggle-id-4' class='toggler  av-title-above '  itemprop=\"headline\"  role='tab' tabindex='0' aria-controls='toggle-id-4' data-slide-speed=\"200\" data-title=\"Wo finde ich meine Rechnungen?\" data-title-open=\"\" data-aria_collapsed=\"Click to expand: Wo finde ich meine Rechnungen?\" data-aria_expanded=\"Click to collapse: Wo finde ich meine Rechnungen?\">Wo finde ich meine Rechnungen?<span class=\"toggle_icon\"><span class=\"vert_icon\"><\/span><span class=\"hor_icon\"><\/span><\/span><\/p><div id='toggle-id-4' aria-labelledby='toggle-toggle-id-4' role='region' class='toggle_wrap  av-title-above'  ><div class='toggle_content invers-color '  itemprop=\"text\" ><p>Die Rechnungen f\u00fcr alle Ihre Lieferungen durch den Online-Lieferdienst finden Sie in \u201eMein Konto\u201c.<\/p>\n<p>Dar\u00fcber hinaus erhalten Sie diese auch per E-Mail.<\/p>\n<\/div><\/div><\/div><\/section>\n<\/div><\/p><\/div>\n<style type=\"text\/css\" data-created_by=\"avia_inline_auto\" id=\"style-css-av-vzwra-9453d783be06ba1c0b308526f91b31a6\">\n.flex_column.av-vzwra-9453d783be06ba1c0b308526f91b31a6{\nborder-radius:0px 0px 0px 0px;\npadding:0px 0px 0px 0px;\n}\n<\/style>\n<div  class='flex_column av-vzwra-9453d783be06ba1c0b308526f91b31a6 av_one_full  avia-builder-el-9  el_after_av_one_full  avia-builder-el-last  first flex_column_div av-zero-column-padding  column-top-margin'     ><p>\n<style type=\"text\/css\" data-created_by=\"avia_inline_auto\" id=\"style-css-av-72tdwm-09ff9c61fef3e5d668abf96e039bf4bb\">\n#top .av-special-heading.av-72tdwm-09ff9c61fef3e5d668abf96e039bf4bb{\npadding-bottom:10px;\n}\nbody .av-special-heading.av-72tdwm-09ff9c61fef3e5d668abf96e039bf4bb .av-special-heading-tag .heading-char{\nfont-size:25px;\n}\n.av-special-heading.av-72tdwm-09ff9c61fef3e5d668abf96e039bf4bb .av-subheading{\nfont-size:15px;\n}\n<\/style>\n<div  class='av-special-heading av-72tdwm-09ff9c61fef3e5d668abf96e039bf4bb av-special-heading-h2 blockquote modern-quote  avia-builder-el-10  el_before_av_toggle_container  avia-builder-el-first '><h2 class='av-special-heading-tag '  itemprop=\"headline\"  >Lieferung<\/h2><div class=\"special-heading-border\"><div class=\"special-heading-inner-border\"><\/div><\/div><\/div><br \/>\n<div  class='togglecontainer av-64jw1i-9a58f5009a6a74748216a922e2b143c0  avia-builder-el-11  el_after_av_heading  avia-builder-el-last  toggle_close_all' >\n<section class='av_toggle_section av-3pn8va-fd47ad85407c35d2090f3e5b407c743c'  itemscope=\"itemscope\" itemtype=\"https:\/\/schema.org\/CreativeWork\" ><div role=\"tablist\" class=\"single_toggle\" data-tags=\"{Alle} \"  ><p id='toggle-toggle-id-5' data-fake-id='#toggle-id-5' class='toggler  av-title-above '  itemprop=\"headline\"  role='tab' tabindex='0' aria-controls='toggle-id-5' data-slide-speed=\"200\" data-title=\"Wie erfahre ich, wann die Ware geliefert wird?\" data-title-open=\"\" data-aria_collapsed=\"Click to expand: Wie erfahre ich, wann die Ware geliefert wird?\" data-aria_expanded=\"Click to collapse: Wie erfahre ich, wann die Ware geliefert wird?\">Wie erfahre ich, wann die Ware geliefert wird?<span class=\"toggle_icon\"><span class=\"vert_icon\"><\/span><span class=\"hor_icon\"><\/span><\/span><\/p><div id='toggle-id-5' aria-labelledby='toggle-toggle-id-5' role='region' class='toggle_wrap  av-title-above'  ><div class='toggle_content invers-color '  itemprop=\"text\" ><p>Wir holen die Ware nach Freigabe ab. Diese wird in unserem Lager auf Sch\u00e4den und\/oder M\u00e4ngel \u00fcberpr\u00fcft. Wir senden Ihnen dann eine E-Mail mit der Bitte um Lieferung der Ware an Sie. Einen Liefertag k\u00f6nnen Sie selbst w\u00e4hlen und einen Werktag vor der Lieferung erhalten Sie von uns eine Zeitangabe, um wie viel Uhr wir bei Ihnen sein werden.<\/p>\n<p>Wenn Sie gro\u00dfe Waren gekauft haben, rufen wir Sie an, um mit Ihnen einen Termin f\u00fcr die Lieferung der Ware zu vereinbaren.<\/p>\n<\/div><\/div><\/div><\/section>\n<section class='av_toggle_section av-237z9y-bba11dd907b735ab7530b506c29294ea'  itemscope=\"itemscope\" itemtype=\"https:\/\/schema.org\/CreativeWork\" ><div role=\"tablist\" class=\"single_toggle\" data-tags=\"{Alle} \"  ><p id='toggle-toggle-id-6' data-fake-id='#toggle-id-6' class='toggler  av-title-above '  itemprop=\"headline\"  role='tab' tabindex='0' aria-controls='toggle-id-6' data-slide-speed=\"200\" data-title=\"Wird ein Paket von Ihrem eigenen Lieferdienst verschickt?\" data-title-open=\"\" data-aria_collapsed=\"Click to expand: Wird ein Paket von Ihrem eigenen Lieferdienst verschickt?\" data-aria_expanded=\"Click to collapse: Wird ein Paket von Ihrem eigenen Lieferdienst verschickt?\">Wird ein Paket von Ihrem eigenen Lieferdienst verschickt?<span class=\"toggle_icon\"><span class=\"vert_icon\"><\/span><span class=\"hor_icon\"><\/span><\/span><\/p><div id='toggle-id-6' aria-labelledby='toggle-toggle-id-6' role='region' class='toggle_wrap  av-title-above'  ><div class='toggle_content invers-color '  itemprop=\"text\" ><p>Der Online-Lieferservice holt alle gro\u00dfen und kleinen Waren aus der Auktion ab. Einige Waren liefern wir jedoch auch \u00fcber unsere Partner.<\/p>\n<p>Der Paketversand erfolgt daher mit unserem Partner, wodurch wir die Preise wettbewerbsf\u00e4hig halten k\u00f6nnen.<\/p>\n<\/div><\/div><\/div><\/section>\n<\/div><\/p><\/div>\n","protected":false},"excerpt":{"rendered":"","protected":false},"author":4,"featured_media":0,"parent":0,"menu_order":0,"comment_status":"closed","ping_status":"closed","template":"","meta":{"_acf_changed":false,"footnotes":""},"class_list":["post-9986","page","type-page","status-publish","hentry"],"acf":[],"yoast_head":"<!-- This site is optimized with the Yoast SEO plugin v25.3.1 - https:\/\/yoast.com\/wordpress\/plugins\/seo\/ -->\n<title>H\u00e4ufig gestellte Fragen - Online Bezorgservice<\/title>\n<meta name=\"robots\" content=\"index, follow, max-snippet:-1, max-image-preview:large, max-video-preview:-1\" \/>\n<link rel=\"canonical\" href=\"https:\/\/old.onlinebezorgservice.nl\/de\/haeufig-gestellte-fragen\/\" \/>\n<meta property=\"og:locale\" content=\"de_DE\" \/>\n<meta property=\"og:type\" content=\"article\" \/>\n<meta property=\"og:title\" content=\"H\u00e4ufig gestellte Fragen - Online Bezorgservice\" \/>\n<meta property=\"og:url\" content=\"https:\/\/old.onlinebezorgservice.nl\/de\/haeufig-gestellte-fragen\/\" \/>\n<meta property=\"og:site_name\" content=\"Online Bezorgservice\" \/>\n<meta property=\"article:modified_time\" content=\"2023-05-23T12:53:58+00:00\" \/>\n<meta property=\"og:image\" content=\"https:\/\/old.onlinebezorgservice.nl\/wp-content\/uploads\/2023\/03\/opengraph.png\" \/>\n\t<meta property=\"og:image:width\" content=\"1200\" \/>\n\t<meta property=\"og:image:height\" content=\"630\" \/>\n\t<meta property=\"og:image:type\" content=\"image\/png\" \/>\n<meta name=\"twitter:card\" content=\"summary_large_image\" \/>\n<meta name=\"twitter:label1\" content=\"Gesch\u00e4tzte Lesezeit\" \/>\n\t<meta name=\"twitter:data1\" content=\"11\u00a0Minuten\" \/>\n<script type=\"application\/ld+json\" class=\"yoast-schema-graph\">{\"@context\":\"https:\/\/schema.org\",\"@graph\":[{\"@type\":\"WebPage\",\"@id\":\"https:\/\/old.onlinebezorgservice.nl\/de\/haeufig-gestellte-fragen\/\",\"url\":\"https:\/\/old.onlinebezorgservice.nl\/de\/haeufig-gestellte-fragen\/\",\"name\":\"H\u00e4ufig gestellte Fragen - Online Bezorgservice\",\"isPartOf\":{\"@id\":\"https:\/\/old.onlinebezorgservice.nl\/de\/#website\"},\"datePublished\":\"2021-05-20T09:40:48+00:00\",\"dateModified\":\"2023-05-23T12:53:58+00:00\",\"breadcrumb\":{\"@id\":\"https:\/\/old.onlinebezorgservice.nl\/de\/haeufig-gestellte-fragen\/#breadcrumb\"},\"inLanguage\":\"de\",\"potentialAction\":[{\"@type\":\"ReadAction\",\"target\":[\"https:\/\/old.onlinebezorgservice.nl\/de\/haeufig-gestellte-fragen\/\"]}]},{\"@type\":\"BreadcrumbList\",\"@id\":\"https:\/\/old.onlinebezorgservice.nl\/de\/haeufig-gestellte-fragen\/#breadcrumb\",\"itemListElement\":[{\"@type\":\"ListItem\",\"position\":1,\"name\":\"Home\",\"item\":\"https:\/\/old.onlinebezorgservice.nl\/de\/\"},{\"@type\":\"ListItem\",\"position\":2,\"name\":\"H\u00e4ufig gestellte Fragen\"}]},{\"@type\":\"WebSite\",\"@id\":\"https:\/\/old.onlinebezorgservice.nl\/de\/#website\",\"url\":\"https:\/\/old.onlinebezorgservice.nl\/de\/\",\"name\":\"Online Bezorgservice\",\"description\":\"\",\"publisher\":{\"@id\":\"https:\/\/old.onlinebezorgservice.nl\/de\/#organization\"},\"potentialAction\":[{\"@type\":\"SearchAction\",\"target\":{\"@type\":\"EntryPoint\",\"urlTemplate\":\"https:\/\/old.onlinebezorgservice.nl\/de\/?s={search_term_string}\"},\"query-input\":{\"@type\":\"PropertyValueSpecification\",\"valueRequired\":true,\"valueName\":\"search_term_string\"}}],\"inLanguage\":\"de\"},{\"@type\":\"Organization\",\"@id\":\"https:\/\/old.onlinebezorgservice.nl\/de\/#organization\",\"name\":\"Online Bezorgservice\",\"url\":\"https:\/\/old.onlinebezorgservice.nl\/de\/\",\"logo\":{\"@type\":\"ImageObject\",\"inLanguage\":\"de\",\"@id\":\"https:\/\/old.onlinebezorgservice.nl\/de\/#\/schema\/logo\/image\/\",\"url\":\"https:\/\/www.onlinebezorgservice.nl\/wp-content\/uploads\/2021\/04\/logo-obs.svg\",\"contentUrl\":\"https:\/\/www.onlinebezorgservice.nl\/wp-content\/uploads\/2021\/04\/logo-obs.svg\",\"width\":601,\"height\":132,\"caption\":\"Online Bezorgservice\"},\"image\":{\"@id\":\"https:\/\/old.onlinebezorgservice.nl\/de\/#\/schema\/logo\/image\/\"}}]}<\/script>\n<!-- \/ Yoast SEO plugin. -->","yoast_head_json":{"title":"H\u00e4ufig gestellte Fragen - Online Bezorgservice","robots":{"index":"index","follow":"follow","max-snippet":"max-snippet:-1","max-image-preview":"max-image-preview:large","max-video-preview":"max-video-preview:-1"},"canonical":"https:\/\/old.onlinebezorgservice.nl\/de\/haeufig-gestellte-fragen\/","og_locale":"de_DE","og_type":"article","og_title":"H\u00e4ufig gestellte Fragen - Online Bezorgservice","og_url":"https:\/\/old.onlinebezorgservice.nl\/de\/haeufig-gestellte-fragen\/","og_site_name":"Online Bezorgservice","article_modified_time":"2023-05-23T12:53:58+00:00","og_image":[{"width":1200,"height":630,"url":"https:\/\/old.onlinebezorgservice.nl\/wp-content\/uploads\/2023\/03\/opengraph.png","type":"image\/png"}],"twitter_card":"summary_large_image","twitter_misc":{"Gesch\u00e4tzte Lesezeit":"11\u00a0Minuten"},"schema":{"@context":"https:\/\/schema.org","@graph":[{"@type":"WebPage","@id":"https:\/\/old.onlinebezorgservice.nl\/de\/haeufig-gestellte-fragen\/","url":"https:\/\/old.onlinebezorgservice.nl\/de\/haeufig-gestellte-fragen\/","name":"H\u00e4ufig gestellte Fragen - Online Bezorgservice","isPartOf":{"@id":"https:\/\/old.onlinebezorgservice.nl\/de\/#website"},"datePublished":"2021-05-20T09:40:48+00:00","dateModified":"2023-05-23T12:53:58+00:00","breadcrumb":{"@id":"https:\/\/old.onlinebezorgservice.nl\/de\/haeufig-gestellte-fragen\/#breadcrumb"},"inLanguage":"de","potentialAction":[{"@type":"ReadAction","target":["https:\/\/old.onlinebezorgservice.nl\/de\/haeufig-gestellte-fragen\/"]}]},{"@type":"BreadcrumbList","@id":"https:\/\/old.onlinebezorgservice.nl\/de\/haeufig-gestellte-fragen\/#breadcrumb","itemListElement":[{"@type":"ListItem","position":1,"name":"Home","item":"https:\/\/old.onlinebezorgservice.nl\/de\/"},{"@type":"ListItem","position":2,"name":"H\u00e4ufig gestellte Fragen"}]},{"@type":"WebSite","@id":"https:\/\/old.onlinebezorgservice.nl\/de\/#website","url":"https:\/\/old.onlinebezorgservice.nl\/de\/","name":"Online Bezorgservice","description":"","publisher":{"@id":"https:\/\/old.onlinebezorgservice.nl\/de\/#organization"},"potentialAction":[{"@type":"SearchAction","target":{"@type":"EntryPoint","urlTemplate":"https:\/\/old.onlinebezorgservice.nl\/de\/?s={search_term_string}"},"query-input":{"@type":"PropertyValueSpecification","valueRequired":true,"valueName":"search_term_string"}}],"inLanguage":"de"},{"@type":"Organization","@id":"https:\/\/old.onlinebezorgservice.nl\/de\/#organization","name":"Online Bezorgservice","url":"https:\/\/old.onlinebezorgservice.nl\/de\/","logo":{"@type":"ImageObject","inLanguage":"de","@id":"https:\/\/old.onlinebezorgservice.nl\/de\/#\/schema\/logo\/image\/","url":"https:\/\/www.onlinebezorgservice.nl\/wp-content\/uploads\/2021\/04\/logo-obs.svg","contentUrl":"https:\/\/www.onlinebezorgservice.nl\/wp-content\/uploads\/2021\/04\/logo-obs.svg","width":601,"height":132,"caption":"Online Bezorgservice"},"image":{"@id":"https:\/\/old.onlinebezorgservice.nl\/de\/#\/schema\/logo\/image\/"}}]}},"_links":{"self":[{"href":"https:\/\/old.onlinebezorgservice.nl\/de\/wp-json\/wp\/v2\/pages\/9986","targetHints":{"allow":["GET"]}}],"collection":[{"href":"https:\/\/old.onlinebezorgservice.nl\/de\/wp-json\/wp\/v2\/pages"}],"about":[{"href":"https:\/\/old.onlinebezorgservice.nl\/de\/wp-json\/wp\/v2\/types\/page"}],"author":[{"embeddable":true,"href":"https:\/\/old.onlinebezorgservice.nl\/de\/wp-json\/wp\/v2\/users\/4"}],"replies":[{"embeddable":true,"href":"https:\/\/old.onlinebezorgservice.nl\/de\/wp-json\/wp\/v2\/comments?post=9986"}],"version-history":[{"count":10,"href":"https:\/\/old.onlinebezorgservice.nl\/de\/wp-json\/wp\/v2\/pages\/9986\/revisions"}],"predecessor-version":[{"id":9997,"href":"https:\/\/old.onlinebezorgservice.nl\/de\/wp-json\/wp\/v2\/pages\/9986\/revisions\/9997"}],"wp:attachment":[{"href":"https:\/\/old.onlinebezorgservice.nl\/de\/wp-json\/wp\/v2\/media?parent=9986"}],"curies":[{"name":"wp","href":"https:\/\/api.w.org\/{rel}","templated":true}]}}